{"id":10171,"date":"2025-01-23T14:36:09","date_gmt":"2025-01-23T13:36:09","guid":{"rendered":"https:\/\/gvastones.ch\/?page_id=10171"},"modified":"2025-01-24T16:06:51","modified_gmt":"2025-01-24T15:06:51","slug":"politique-de-confidentialite","status":"publish","type":"page","link":"https:\/\/gvastones.ch\/en\/politique-de-confidentialite\/","title":{"rendered":"POLICY"},"content":{"rendered":"<div data-elementor-type=\"wp-page\" data-elementor-id=\"10171\" class=\"elementor elementor-10171\">\n\t\t\t\t        <section class=\"elementor-section elementor-top-section elementor-element elementor-element-dadf704 elementor-section-boxed elementor-section-height-default elementor-section-height-default pxl-row-scroll-none pxl-show-grid-none pxl-section-bg-none pxl-section-grid-bg-false\" data-id=\"dadf704\" data-element_type=\"section\" data-e-type=\"section\">\n\n                \n                <div class=\"elementor-container elementor-column-gap-default\">\n                <div class=\"elementor-column elementor-col-100 elementor-top-column elementor-element elementor-element-ff85986 pxl-column-none\" data-id=\"ff85986\" data-element_type=\"column\" data-e-type=\"column\">\r\n        <div class=\"elementor-widget-wrap elementor-element-populated\">\r\n                     \r\n        \t\t<div class=\"elementor-element elementor-element-7219436 elementor-widget elementor-widget-pxl_heading\" data-id=\"7219436\" data-element_type=\"widget\" data-e-type=\"widget\" data-widget_type=\"pxl_heading.default\">\n\t\t\t\t<div class=\"elementor-widget-container\">\n\t\t\t\t\t<div class=\"pxl-heading\">\n\t<div class=\"pxl-heading--inner\">\n\t\t\t\t<h2 class=\"pxl-item--title style1 divider-none\" data-wow-delay=\"ms\" data-wow-duration=\"1.2s\">\n\t\t\tGVA STONES POLICY\t\t\t\t\t<\/h2>\n\t<\/div>\n<\/div>\n\t\t\t\t<\/div>\n\t\t\t\t<\/div>\n\t\t\t\t<div class=\"elementor-element elementor-element-be6633d elementor-widget elementor-widget-spacer\" data-id=\"be6633d\" data-element_type=\"widget\" data-e-type=\"widget\" data-widget_type=\"spacer.default\">\n\t\t\t\t<div class=\"elementor-widget-container\">\n\t\t\t\t\t\t\t<div class=\"elementor-spacer\">\n\t\t\t<div class=\"elementor-spacer-inner\"><\/div>\n\t\t<\/div>\n\t\t\t\t\t\t<\/div>\n\t\t\t\t<\/div>\n\t\t\t\t<div class=\"elementor-element elementor-element-ad9550c elementor-widget elementor-widget-text-editor\" data-id=\"ad9550c\" data-element_type=\"widget\" data-e-type=\"widget\" data-widget_type=\"text-editor.default\">\n\t\t\t\t<div class=\"elementor-widget-container\">\n\t\t\t\t\t\t\t\t\t<p><strong>1. Collection of personal data<\/strong><br \/>We collect personal information when you fill in a contact form or interact with our site (via cookies or analysis tools). The data collected may include:<\/p><p>- Full name<\/p><p>- E-mail<\/p><p>- Phone<\/p><p>- IP adress<\/p><p><strong>2. Purpose of the data<\/strong><br \/>The data collected is used for :<\/p><p>- Respond to your requests via the contact form<\/p><p>- Improve the user experience using statistics (Google Analytics or equivalent)<\/p><p>- Ensuring the smooth running of the site<\/p><p><strong>3. Data transmission<\/strong><br \/>Data is never sold to third parties. It may be passed on to technical service providers or partners for the sole purpose of operating the site.<\/p><p><strong>4. Shelf life<\/strong><br \/>Your personal data will only be kept for as long as is necessary to process your requests or in accordance with legal obligations.<\/p><p><strong>5. Your rights<\/strong><br \/>Under the Swiss Data Protection Act and the RGPD, you have the following rights:<\/p><p>- Access to your data<\/p><p>- Rectification or deletion of your data<\/p><p>- Opposition to the processing of your data<\/p><p>- Data portability<\/p><p>For all enquiries, please contact us at : <a href=\"mailto:gvastones@gmail.com\">gvastones@gmail.com<\/a><\/p><p><strong>6. Security<\/strong><br \/>We implement technical and organisational measures to protect your data against unauthorised access or accidental loss.<\/p>\t\t\t\t\t\t\t\t<\/div>\n\t\t\t\t<\/div>\n\t\t            <\/div>\r\n        <\/div>\r\n        \t\t\t<\/div>\n\t\t<\/section>\n\t\t\t\t<\/div>","protected":false},"excerpt":{"rendered":"<p>POLITIQUE DE GVA STONES 1. Collecte des donn\u00e9es personnellesNous collectons des informations personnelles lorsque vous remplissez un formulaire de contact ou interagissez avec notre site (via cookies ou outils d\u2019analyse). Les donn\u00e9es collect\u00e9es peuvent inclure : &#8211; Nom et pr\u00e9nom &#8211; Adresse e-mail &#8211; Num\u00e9ro de t\u00e9l\u00e9phone &#8211; Adresse IP 2. Finalit\u00e9 des donn\u00e9esLes donn\u00e9es [&hellip;]<\/p>\n","protected":false},"author":1,"featured_media":0,"parent":0,"menu_order":0,"comment_status":"closed","ping_status":"closed","template":"","meta":{"two_page_speed":[],"footnotes":""},"class_list":["post-10171","page","type-page","status-publish","hentry"],"yoast_head":"<!-- This site is optimized with the Yoast SEO plugin v27.4 - https:\/\/yoast.com\/product\/yoast-seo-wordpress\/ -->\n<title>POLITIQUE - GVA Stones<\/title>\n<meta name=\"robots\" content=\"index, follow, max-snippet:-1, max-image-preview:large, max-video-preview:-1\" \/>\n<link rel=\"canonical\" href=\"https:\/\/gvastones.ch\/en\/politique-de-confidentialite\/\" \/>\n<meta property=\"og:locale\" content=\"en_GB\" \/>\n<meta property=\"og:type\" content=\"article\" \/>\n<meta property=\"og:title\" content=\"POLITIQUE - GVA Stones\" \/>\n<meta property=\"og:description\" content=\"POLITIQUE DE GVA STONES 1. Collecte des donn\u00e9es personnellesNous collectons des informations personnelles lorsque vous remplissez un formulaire de contact ou interagissez avec notre site (via cookies ou outils d\u2019analyse). Les donn\u00e9es collect\u00e9es peuvent inclure : &#8211; Nom et pr\u00e9nom &#8211; Adresse e-mail &#8211; Num\u00e9ro de t\u00e9l\u00e9phone &#8211; Adresse IP 2. Finalit\u00e9 des donn\u00e9esLes donn\u00e9es [&hellip;]\" \/>\n<meta property=\"og:url\" content=\"https:\/\/gvastones.ch\/en\/politique-de-confidentialite\/\" \/>\n<meta property=\"og:site_name\" content=\"GVA Stones\" \/>\n<meta property=\"article:modified_time\" content=\"2025-01-24T15:06:51+00:00\" \/>\n<meta name=\"twitter:card\" content=\"summary_large_image\" \/>\n<meta name=\"twitter:label1\" content=\"Estimated reading time\" \/>\n\t<meta name=\"twitter:data1\" content=\"2 minutes\" \/>\n<script type=\"application\/ld+json\" class=\"yoast-schema-graph\">{\"@context\":\"https:\\\/\\\/schema.org\",\"@graph\":[{\"@type\":\"WebPage\",\"@id\":\"https:\\\/\\\/gvastones.ch\\\/politique-de-confidentialite\\\/\",\"url\":\"https:\\\/\\\/gvastones.ch\\\/politique-de-confidentialite\\\/\",\"name\":\"POLITIQUE - GVA Stones\",\"isPartOf\":{\"@id\":\"https:\\\/\\\/gvastones.ch\\\/#website\"},\"datePublished\":\"2025-01-23T13:36:09+00:00\",\"dateModified\":\"2025-01-24T15:06:51+00:00\",\"breadcrumb\":{\"@id\":\"https:\\\/\\\/gvastones.ch\\\/politique-de-confidentialite\\\/#breadcrumb\"},\"inLanguage\":\"en-GB\",\"potentialAction\":[{\"@type\":\"ReadAction\",\"target\":[\"https:\\\/\\\/gvastones.ch\\\/politique-de-confidentialite\\\/\"]}]},{\"@type\":\"BreadcrumbList\",\"@id\":\"https:\\\/\\\/gvastones.ch\\\/politique-de-confidentialite\\\/#breadcrumb\",\"itemListElement\":[{\"@type\":\"ListItem\",\"position\":1,\"name\":\"Accueil\",\"item\":\"https:\\\/\\\/gvastones.ch\\\/\"},{\"@type\":\"ListItem\",\"position\":2,\"name\":\"POLITIQUE\"}]},{\"@type\":\"WebSite\",\"@id\":\"https:\\\/\\\/gvastones.ch\\\/#website\",\"url\":\"https:\\\/\\\/gvastones.ch\\\/\",\"name\":\"GVA Stones\",\"description\":\"Pierres semi-pr\u00e9cieuses d&#039;exception\",\"publisher\":{\"@id\":\"https:\\\/\\\/gvastones.ch\\\/#organization\"},\"potentialAction\":[{\"@type\":\"SearchAction\",\"target\":{\"@type\":\"EntryPoint\",\"urlTemplate\":\"https:\\\/\\\/gvastones.ch\\\/?s={search_term_string}\"},\"query-input\":{\"@type\":\"PropertyValueSpecification\",\"valueRequired\":true,\"valueName\":\"search_term_string\"}}],\"inLanguage\":\"en-GB\"},{\"@type\":\"Organization\",\"@id\":\"https:\\\/\\\/gvastones.ch\\\/#organization\",\"name\":\"GVA Stones\",\"url\":\"https:\\\/\\\/gvastones.ch\\\/\",\"logo\":{\"@type\":\"ImageObject\",\"inLanguage\":\"en-GB\",\"@id\":\"https:\\\/\\\/gvastones.ch\\\/#\\\/schema\\\/logo\\\/image\\\/\",\"url\":\"https:\\\/\\\/gvastones.ch\\\/wp-content\\\/uploads\\\/2025\\\/12\\\/cropped-logo-gvastones-dark-1.png\",\"contentUrl\":\"https:\\\/\\\/gvastones.ch\\\/wp-content\\\/uploads\\\/2025\\\/12\\\/cropped-logo-gvastones-dark-1.png\",\"width\":1051,\"height\":138,\"caption\":\"GVA Stones\"},\"image\":{\"@id\":\"https:\\\/\\\/gvastones.ch\\\/#\\\/schema\\\/logo\\\/image\\\/\"}}]}<\/script>\n<!-- \/ Yoast SEO plugin. -->","yoast_head_json":{"title":"POLITIQUE - GVA Stones","robots":{"index":"index","follow":"follow","max-snippet":"max-snippet:-1","max-image-preview":"max-image-preview:large","max-video-preview":"max-video-preview:-1"},"canonical":"https:\/\/gvastones.ch\/en\/politique-de-confidentialite\/","og_locale":"en_GB","og_type":"article","og_title":"POLITIQUE - GVA Stones","og_description":"POLITIQUE DE GVA STONES 1. Collecte des donn\u00e9es personnellesNous collectons des informations personnelles lorsque vous remplissez un formulaire de contact ou interagissez avec notre site (via cookies ou outils d\u2019analyse). Les donn\u00e9es collect\u00e9es peuvent inclure : &#8211; Nom et pr\u00e9nom &#8211; Adresse e-mail &#8211; Num\u00e9ro de t\u00e9l\u00e9phone &#8211; Adresse IP 2. Finalit\u00e9 des donn\u00e9esLes donn\u00e9es [&hellip;]","og_url":"https:\/\/gvastones.ch\/en\/politique-de-confidentialite\/","og_site_name":"GVA Stones","article_modified_time":"2025-01-24T15:06:51+00:00","twitter_card":"summary_large_image","twitter_misc":{"Estimated reading time":"2 minutes"},"schema":{"@context":"https:\/\/schema.org","@graph":[{"@type":"WebPage","@id":"https:\/\/gvastones.ch\/politique-de-confidentialite\/","url":"https:\/\/gvastones.ch\/politique-de-confidentialite\/","name":"POLITIQUE - GVA Stones","isPartOf":{"@id":"https:\/\/gvastones.ch\/#website"},"datePublished":"2025-01-23T13:36:09+00:00","dateModified":"2025-01-24T15:06:51+00:00","breadcrumb":{"@id":"https:\/\/gvastones.ch\/politique-de-confidentialite\/#breadcrumb"},"inLanguage":"en-GB","potentialAction":[{"@type":"ReadAction","target":["https:\/\/gvastones.ch\/politique-de-confidentialite\/"]}]},{"@type":"BreadcrumbList","@id":"https:\/\/gvastones.ch\/politique-de-confidentialite\/#breadcrumb","itemListElement":[{"@type":"ListItem","position":1,"name":"Accueil","item":"https:\/\/gvastones.ch\/"},{"@type":"ListItem","position":2,"name":"POLITIQUE"}]},{"@type":"WebSite","@id":"https:\/\/gvastones.ch\/#website","url":"https:\/\/gvastones.ch\/","name":"GVA Stones","description":"Pierres semi-pr\u00e9cieuses d&#039;exception","publisher":{"@id":"https:\/\/gvastones.ch\/#organization"},"potentialAction":[{"@type":"SearchAction","target":{"@type":"EntryPoint","urlTemplate":"https:\/\/gvastones.ch\/?s={search_term_string}"},"query-input":{"@type":"PropertyValueSpecification","valueRequired":true,"valueName":"search_term_string"}}],"inLanguage":"en-GB"},{"@type":"Organization","@id":"https:\/\/gvastones.ch\/#organization","name":"GVA Stones","url":"https:\/\/gvastones.ch\/","logo":{"@type":"ImageObject","inLanguage":"en-GB","@id":"https:\/\/gvastones.ch\/#\/schema\/logo\/image\/","url":"https:\/\/gvastones.ch\/wp-content\/uploads\/2025\/12\/cropped-logo-gvastones-dark-1.png","contentUrl":"https:\/\/gvastones.ch\/wp-content\/uploads\/2025\/12\/cropped-logo-gvastones-dark-1.png","width":1051,"height":138,"caption":"GVA Stones"},"image":{"@id":"https:\/\/gvastones.ch\/#\/schema\/logo\/image\/"}}]}},"_links":{"self":[{"href":"https:\/\/gvastones.ch\/en\/wp-json\/wp\/v2\/pages\/10171","targetHints":{"allow":["GET"]}}],"collection":[{"href":"https:\/\/gvastones.ch\/en\/wp-json\/wp\/v2\/pages"}],"about":[{"href":"https:\/\/gvastones.ch\/en\/wp-json\/wp\/v2\/types\/page"}],"author":[{"embeddable":true,"href":"https:\/\/gvastones.ch\/en\/wp-json\/wp\/v2\/users\/1"}],"replies":[{"embeddable":true,"href":"https:\/\/gvastones.ch\/en\/wp-json\/wp\/v2\/comments?post=10171"}],"version-history":[{"count":10,"href":"https:\/\/gvastones.ch\/en\/wp-json\/wp\/v2\/pages\/10171\/revisions"}],"predecessor-version":[{"id":10331,"href":"https:\/\/gvastones.ch\/en\/wp-json\/wp\/v2\/pages\/10171\/revisions\/10331"}],"wp:attachment":[{"href":"https:\/\/gvastones.ch\/en\/wp-json\/wp\/v2\/media?parent=10171"}],"curies":[{"name":"wp","href":"https:\/\/api.w.org\/{rel}","templated":true}]}}