{"id":10147,"date":"2025-01-23T11:36:41","date_gmt":"2025-01-23T10:36:41","guid":{"rendered":"https:\/\/gvastones.ch\/?page_id=10147"},"modified":"2025-02-21T16:01:21","modified_gmt":"2025-02-21T15:01:21","slug":"mentions-legales","status":"publish","type":"page","link":"https:\/\/gvastones.ch\/en\/mentions-legales\/","title":{"rendered":"LEGAL NOTICES"},"content":{"rendered":"<div data-elementor-type=\"wp-page\" data-elementor-id=\"10147\" class=\"elementor elementor-10147\">\n\t\t\t\t        <section class=\"elementor-section elementor-top-section elementor-element elementor-element-dadf704 elementor-section-boxed elementor-section-height-default elementor-section-height-default pxl-row-scroll-none pxl-show-grid-none pxl-section-bg-none pxl-section-grid-bg-false\" data-id=\"dadf704\" data-element_type=\"section\" data-e-type=\"section\">\n\n                \n                <div class=\"elementor-container elementor-column-gap-default\">\n                <div class=\"elementor-column elementor-col-100 elementor-top-column elementor-element elementor-element-ff85986 pxl-column-none\" data-id=\"ff85986\" data-element_type=\"column\" data-e-type=\"column\">\r\n        <div class=\"elementor-widget-wrap elementor-element-populated\">\r\n                     \r\n        \t\t<div class=\"elementor-element elementor-element-7219436 elementor-widget elementor-widget-pxl_heading\" data-id=\"7219436\" data-element_type=\"widget\" data-e-type=\"widget\" data-widget_type=\"pxl_heading.default\">\n\t\t\t\t<div class=\"elementor-widget-container\">\n\t\t\t\t\t<div class=\"pxl-heading\">\n\t<div class=\"pxl-heading--inner\">\n\t\t\t\t<h2 class=\"pxl-item--title style1 divider-none\" data-wow-delay=\"ms\" data-wow-duration=\"1.2s\">\n\t\t\tGVA STONES LEGAL NOTICE\t\t\t\t\t<\/h2>\n\t<\/div>\n<\/div>\n\t\t\t\t<\/div>\n\t\t\t\t<\/div>\n\t\t\t\t<div class=\"elementor-element elementor-element-be6633d elementor-widget elementor-widget-spacer\" data-id=\"be6633d\" data-element_type=\"widget\" data-e-type=\"widget\" data-widget_type=\"spacer.default\">\n\t\t\t\t<div class=\"elementor-widget-container\">\n\t\t\t\t\t\t\t<div class=\"elementor-spacer\">\n\t\t\t<div class=\"elementor-spacer-inner\"><\/div>\n\t\t<\/div>\n\t\t\t\t\t\t<\/div>\n\t\t\t\t<\/div>\n\t\t\t\t<div class=\"elementor-element elementor-element-ad9550c elementor-widget elementor-widget-text-editor\" data-id=\"ad9550c\" data-element_type=\"widget\" data-e-type=\"widget\" data-widget_type=\"text-editor.default\">\n\t\t\t\t<div class=\"elementor-widget-container\">\n\t\t\t\t\t\t\t\t\t<p><strong>1. Site editor<\/strong><br \/>Rico Studio<br \/>Adress : Avenue Louis-Casa\u00ef 73<br \/>Swiss<br \/>Postcode and town: 1216, Cointrin<br \/>Country : Switzerland<br \/>Phone : <a href=\"tel:+41767344858\">+ 41 <span aria-label=\"Appeler le 076 734 48 58\">76 734 48 58<\/span><\/a><br \/>E-mail : <a href=\"mailto:info@ricostudios.ch\">info@ricostudios.ch<\/a><br \/>Responsible for publication : Rico Studio<\/p><p><strong>2. Host<\/strong><br \/>OVH Cloud<br \/>Postcode and town: Roubaix, 59512<br \/>Country : France<\/p><p><strong>3. Description of services provided<\/strong><br \/>The site <a href=\"http:\/\/gvastones.ch\/en\/\">gvastones.ch<\/a> presents a selection of agates and precious stones used in high-end interior design projects. We offer :<\/p><p>- A presentation of our collection of agates with their unique characteristics.<\/p><p>- Promoting our architectural and decorative creations.<\/p><p>- Information about our services and values.<\/p><p>No direct sales are made via this site. For any request or project, please contact us using the form provided.<\/p><p><strong>4. Intellectual property rights<\/strong><br \/>All content published on this site (text, images, graphics, logos, videos, etc.) is protected by copyright and remains the exclusive property of GVA Stones or its partners. Any reproduction, distribution, modification or use without written authorisation is strictly prohibited.<\/p><p><strong>5. Hypertext links<\/strong><br \/>The site may contain links to other websites or external resources. GVA Stones accepts no responsibility for the content, services or availability of these external sites, which are the sole responsibility of their respective owners. Users are advised to read the privacy policies of third-party sites before submitting their personal data.<\/p><p><strong>6. Responsability<\/strong><br \/>GVA Stones endeavours to provide accurate and up-to-date information on this site. However, we cannot guarantee the accuracy or completeness of the information provided. We accept no liability for any direct or indirect damage arising from the use of this site or the interpretation of its content.<\/p><p data-start=\"1666\" data-end=\"2004\"><strong data-start=\"1666\" data-end=\"1693\">7. Personal data<\/strong><br data-start=\"1693\" data-end=\"1696\" \/>For all information concerning the collection and processing of your personal data, please consult our <a href=\"https:\/\/gvastones.ch\/en\/politique-de-confidentialite\/\" rel=\"noopener\" data-start=\"1813\" data-end=\"1846\">Politique de Confidentialit\u00e9<\/a>.<\/p><p data-start=\"2319\" data-end=\"2543\"><strong data-start=\"2319\" data-end=\"2337\">8. Update<\/strong><br data-start=\"2337\" data-end=\"2340\" \/>This legal notice may be amended at any time to reflect changes in legislation or changes to our site. We advise you to consult them regularly.<\/p><p data-start=\"2319\" data-end=\"2543\"><strong>9. Contact<\/strong><br \/>If you have any questions or comments about the site, please contact us at :<br \/>E-mail : <a href=\"mailto:gvastones@gmail.com\">gvastones@gmail.com<\/a><br \/>Phone : <a href=\"tel:0787151997\">+ 33 7 87 15 19 97<\/a><\/p>\t\t\t\t\t\t\t\t<\/div>\n\t\t\t\t<\/div>\n\t\t            <\/div>\r\n        <\/div>\r\n        \t\t\t<\/div>\n\t\t<\/section>\n\t\t\t\t<\/div>","protected":false},"excerpt":{"rendered":"<p>MENTIONS L\u00c9GALES DE GVA STONES 1. \u00c9diteur du siteRico StudioAdresse : Avenue Louis-Casa\u00ef 73SuisseCode postal et ville : 1216, CointrinPays : SuisseT\u00e9l\u00e9phone : + 41 76 734 48 58E-mail : info@ricostudios.chResponsable de publication : Rico Studio 2. H\u00e9bergeurOVH CloudCode postal et ville : Roubaix, 59512Pays : France 3. Description des services fournisLe site gvastones.ch pr\u00e9sente [&hellip;]<\/p>\n","protected":false},"author":1,"featured_media":0,"parent":0,"menu_order":0,"comment_status":"closed","ping_status":"closed","template":"","meta":{"two_page_speed":[],"footnotes":""},"class_list":["post-10147","page","type-page","status-publish","hentry"],"yoast_head":"<!-- This site is optimized with the Yoast SEO plugin v27.4 - https:\/\/yoast.com\/product\/yoast-seo-wordpress\/ -->\n<title>MENTIONS L\u00c9GALES - GVA Stones<\/title>\n<meta name=\"robots\" content=\"index, follow, max-snippet:-1, max-image-preview:large, max-video-preview:-1\" \/>\n<link rel=\"canonical\" href=\"https:\/\/gvastones.ch\/en\/mentions-legales\/\" \/>\n<meta property=\"og:locale\" content=\"en_GB\" \/>\n<meta property=\"og:type\" content=\"article\" \/>\n<meta property=\"og:title\" content=\"MENTIONS L\u00c9GALES - GVA Stones\" \/>\n<meta property=\"og:description\" content=\"MENTIONS L\u00c9GALES DE GVA STONES 1. \u00c9diteur du siteRico StudioAdresse : Avenue Louis-Casa\u00ef 73SuisseCode postal et ville : 1216, CointrinPays : SuisseT\u00e9l\u00e9phone : + 41 76 734 48 58E-mail : info@ricostudios.chResponsable de publication : Rico Studio 2. H\u00e9bergeurOVH CloudCode postal et ville : Roubaix, 59512Pays : France 3. Description des services fournisLe site gvastones.ch pr\u00e9sente [&hellip;]\" \/>\n<meta property=\"og:url\" content=\"https:\/\/gvastones.ch\/en\/mentions-legales\/\" \/>\n<meta property=\"og:site_name\" content=\"GVA Stones\" \/>\n<meta property=\"article:modified_time\" content=\"2025-02-21T15:01:21+00:00\" \/>\n<meta name=\"twitter:card\" content=\"summary_large_image\" \/>\n<meta name=\"twitter:label1\" content=\"Estimated reading time\" \/>\n\t<meta name=\"twitter:data1\" content=\"2 minutes\" \/>\n<script type=\"application\/ld+json\" class=\"yoast-schema-graph\">{\"@context\":\"https:\\\/\\\/schema.org\",\"@graph\":[{\"@type\":\"WebPage\",\"@id\":\"https:\\\/\\\/gvastones.ch\\\/mentions-legales\\\/\",\"url\":\"https:\\\/\\\/gvastones.ch\\\/mentions-legales\\\/\",\"name\":\"MENTIONS L\u00c9GALES - GVA Stones\",\"isPartOf\":{\"@id\":\"https:\\\/\\\/gvastones.ch\\\/#website\"},\"datePublished\":\"2025-01-23T10:36:41+00:00\",\"dateModified\":\"2025-02-21T15:01:21+00:00\",\"breadcrumb\":{\"@id\":\"https:\\\/\\\/gvastones.ch\\\/mentions-legales\\\/#breadcrumb\"},\"inLanguage\":\"en-GB\",\"potentialAction\":[{\"@type\":\"ReadAction\",\"target\":[\"https:\\\/\\\/gvastones.ch\\\/mentions-legales\\\/\"]}]},{\"@type\":\"BreadcrumbList\",\"@id\":\"https:\\\/\\\/gvastones.ch\\\/mentions-legales\\\/#breadcrumb\",\"itemListElement\":[{\"@type\":\"ListItem\",\"position\":1,\"name\":\"Accueil\",\"item\":\"https:\\\/\\\/gvastones.ch\\\/\"},{\"@type\":\"ListItem\",\"position\":2,\"name\":\"MENTIONS L\u00c9GALES\"}]},{\"@type\":\"WebSite\",\"@id\":\"https:\\\/\\\/gvastones.ch\\\/#website\",\"url\":\"https:\\\/\\\/gvastones.ch\\\/\",\"name\":\"GVA Stones\",\"description\":\"Pierres semi-pr\u00e9cieuses d&#039;exception\",\"publisher\":{\"@id\":\"https:\\\/\\\/gvastones.ch\\\/#organization\"},\"potentialAction\":[{\"@type\":\"SearchAction\",\"target\":{\"@type\":\"EntryPoint\",\"urlTemplate\":\"https:\\\/\\\/gvastones.ch\\\/?s={search_term_string}\"},\"query-input\":{\"@type\":\"PropertyValueSpecification\",\"valueRequired\":true,\"valueName\":\"search_term_string\"}}],\"inLanguage\":\"en-GB\"},{\"@type\":\"Organization\",\"@id\":\"https:\\\/\\\/gvastones.ch\\\/#organization\",\"name\":\"GVA Stones\",\"url\":\"https:\\\/\\\/gvastones.ch\\\/\",\"logo\":{\"@type\":\"ImageObject\",\"inLanguage\":\"en-GB\",\"@id\":\"https:\\\/\\\/gvastones.ch\\\/#\\\/schema\\\/logo\\\/image\\\/\",\"url\":\"https:\\\/\\\/gvastones.ch\\\/wp-content\\\/uploads\\\/2025\\\/12\\\/cropped-logo-gvastones-dark-1.png\",\"contentUrl\":\"https:\\\/\\\/gvastones.ch\\\/wp-content\\\/uploads\\\/2025\\\/12\\\/cropped-logo-gvastones-dark-1.png\",\"width\":1051,\"height\":138,\"caption\":\"GVA Stones\"},\"image\":{\"@id\":\"https:\\\/\\\/gvastones.ch\\\/#\\\/schema\\\/logo\\\/image\\\/\"}}]}<\/script>\n<!-- \/ Yoast SEO plugin. -->","yoast_head_json":{"title":"MENTIONS L\u00c9GALES - GVA Stones","robots":{"index":"index","follow":"follow","max-snippet":"max-snippet:-1","max-image-preview":"max-image-preview:large","max-video-preview":"max-video-preview:-1"},"canonical":"https:\/\/gvastones.ch\/en\/mentions-legales\/","og_locale":"en_GB","og_type":"article","og_title":"MENTIONS L\u00c9GALES - GVA Stones","og_description":"MENTIONS L\u00c9GALES DE GVA STONES 1. \u00c9diteur du siteRico StudioAdresse : Avenue Louis-Casa\u00ef 73SuisseCode postal et ville : 1216, CointrinPays : SuisseT\u00e9l\u00e9phone : + 41 76 734 48 58E-mail : info@ricostudios.chResponsable de publication : Rico Studio 2. H\u00e9bergeurOVH CloudCode postal et ville : Roubaix, 59512Pays : France 3. Description des services fournisLe site gvastones.ch pr\u00e9sente [&hellip;]","og_url":"https:\/\/gvastones.ch\/en\/mentions-legales\/","og_site_name":"GVA Stones","article_modified_time":"2025-02-21T15:01:21+00:00","twitter_card":"summary_large_image","twitter_misc":{"Estimated reading time":"2 minutes"},"schema":{"@context":"https:\/\/schema.org","@graph":[{"@type":"WebPage","@id":"https:\/\/gvastones.ch\/mentions-legales\/","url":"https:\/\/gvastones.ch\/mentions-legales\/","name":"MENTIONS L\u00c9GALES - GVA Stones","isPartOf":{"@id":"https:\/\/gvastones.ch\/#website"},"datePublished":"2025-01-23T10:36:41+00:00","dateModified":"2025-02-21T15:01:21+00:00","breadcrumb":{"@id":"https:\/\/gvastones.ch\/mentions-legales\/#breadcrumb"},"inLanguage":"en-GB","potentialAction":[{"@type":"ReadAction","target":["https:\/\/gvastones.ch\/mentions-legales\/"]}]},{"@type":"BreadcrumbList","@id":"https:\/\/gvastones.ch\/mentions-legales\/#breadcrumb","itemListElement":[{"@type":"ListItem","position":1,"name":"Accueil","item":"https:\/\/gvastones.ch\/"},{"@type":"ListItem","position":2,"name":"MENTIONS L\u00c9GALES"}]},{"@type":"WebSite","@id":"https:\/\/gvastones.ch\/#website","url":"https:\/\/gvastones.ch\/","name":"GVA Stones","description":"Pierres semi-pr\u00e9cieuses d&#039;exception","publisher":{"@id":"https:\/\/gvastones.ch\/#organization"},"potentialAction":[{"@type":"SearchAction","target":{"@type":"EntryPoint","urlTemplate":"https:\/\/gvastones.ch\/?s={search_term_string}"},"query-input":{"@type":"PropertyValueSpecification","valueRequired":true,"valueName":"search_term_string"}}],"inLanguage":"en-GB"},{"@type":"Organization","@id":"https:\/\/gvastones.ch\/#organization","name":"GVA Stones","url":"https:\/\/gvastones.ch\/","logo":{"@type":"ImageObject","inLanguage":"en-GB","@id":"https:\/\/gvastones.ch\/#\/schema\/logo\/image\/","url":"https:\/\/gvastones.ch\/wp-content\/uploads\/2025\/12\/cropped-logo-gvastones-dark-1.png","contentUrl":"https:\/\/gvastones.ch\/wp-content\/uploads\/2025\/12\/cropped-logo-gvastones-dark-1.png","width":1051,"height":138,"caption":"GVA Stones"},"image":{"@id":"https:\/\/gvastones.ch\/#\/schema\/logo\/image\/"}}]}},"_links":{"self":[{"href":"https:\/\/gvastones.ch\/en\/wp-json\/wp\/v2\/pages\/10147","targetHints":{"allow":["GET"]}}],"collection":[{"href":"https:\/\/gvastones.ch\/en\/wp-json\/wp\/v2\/pages"}],"about":[{"href":"https:\/\/gvastones.ch\/en\/wp-json\/wp\/v2\/types\/page"}],"author":[{"embeddable":true,"href":"https:\/\/gvastones.ch\/en\/wp-json\/wp\/v2\/users\/1"}],"replies":[{"embeddable":true,"href":"https:\/\/gvastones.ch\/en\/wp-json\/wp\/v2\/comments?post=10147"}],"version-history":[{"count":29,"href":"https:\/\/gvastones.ch\/en\/wp-json\/wp\/v2\/pages\/10147\/revisions"}],"predecessor-version":[{"id":10436,"href":"https:\/\/gvastones.ch\/en\/wp-json\/wp\/v2\/pages\/10147\/revisions\/10436"}],"wp:attachment":[{"href":"https:\/\/gvastones.ch\/en\/wp-json\/wp\/v2\/media?parent=10147"}],"curies":[{"name":"wp","href":"https:\/\/api.w.org\/{rel}","templated":true}]}}